{"id":753,"date":"2019-11-07T03:23:04","date_gmt":"2019-11-07T03:23:04","guid":{"rendered":"http:\/\/wpdemo.archiwp.com\/onum\/?page_id=753"},"modified":"2021-04-06T13:52:54","modified_gmt":"2021-04-06T13:52:54","slug":"about-us","status":"publish","type":"page","link":"https:\/\/sumth.de\/de\/about-us\/","title":{"rendered":"\u00dcber uns"},"content":{"rendered":"<div data-elementor-type=\"wp-page\" data-elementor-id=\"753\" class=\"elementor elementor-753\">\n\t\t\t\t\t\t<div class=\"elementor-inner\">\n\t\t\t\t<div class=\"elementor-section-wrap\">\n\t\t\t\t\t\t\t\t\t<section class=\"elementor-section elementor-top-section elementor-element elementor-element-588df14 elementor-section-content-middle elementor-section-boxed elementor-section-height-default elementor-section-height-default\" data-id=\"588df14\" data-element_type=\"section\">\n\t\t\t\t\t\t<div class=\"elementor-container elementor-column-gap-extended\">\n\t\t\t\t\t\t\t<div class=\"elementor-row\">\n\t\t\t\t\t<div class=\"elementor-column elementor-col-50 elementor-top-column elementor-element elementor-element-de195c6\" data-id=\"de195c6\" data-element_type=\"column\">\n\t\t\t<div class=\"elementor-column-wrap elementor-element-populated\">\n\t\t\t\t\t\t\t<div class=\"elementor-widget-wrap\">\n\t\t\t\t\t\t<div class=\"elementor-element elementor-element-7e57f00 elementor-widget elementor-widget-image\" data-id=\"7e57f00\" data-element_type=\"widget\" data-widget_type=\"image.default\">\n\t\t\t\t<div class=\"elementor-widget-container\">\n\t\t\t\t\t\t\t\t<div class=\"elementor-image\">\n\t\t\t\t\t\t\t\t\t\t\t\t<img width=\"2171\" height=\"2560\" src=\"https:\/\/sumth.de\/wp-content\/uploads\/2020\/09\/boys-in-a-football-team-talking-in-team-huddle-bef-8XLJYHV-1-scaled.jpg\" class=\"attachment-full size-full\" alt=\"\" loading=\"lazy\" srcset=\"https:\/\/sumth.de\/wp-content\/uploads\/2020\/09\/boys-in-a-football-team-talking-in-team-huddle-bef-8XLJYHV-1-scaled.jpg 2171w, https:\/\/sumth.de\/wp-content\/uploads\/2020\/09\/boys-in-a-football-team-talking-in-team-huddle-bef-8XLJYHV-1-254x300.jpg 254w, https:\/\/sumth.de\/wp-content\/uploads\/2020\/09\/boys-in-a-football-team-talking-in-team-huddle-bef-8XLJYHV-1-868x1024.jpg 868w, https:\/\/sumth.de\/wp-content\/uploads\/2020\/09\/boys-in-a-football-team-talking-in-team-huddle-bef-8XLJYHV-1-768x906.jpg 768w, https:\/\/sumth.de\/wp-content\/uploads\/2020\/09\/boys-in-a-football-team-talking-in-team-huddle-bef-8XLJYHV-1-1302x1536.jpg 1302w, https:\/\/sumth.de\/wp-content\/uploads\/2020\/09\/boys-in-a-football-team-talking-in-team-huddle-bef-8XLJYHV-1-1737x2048.jpg 1737w\" sizes=\"(max-width: 2171px) 100vw, 2171px\" \/>\t\t\t\t\t\t\t\t\t\t\t\t\t\t<\/div>\n\t\t\t\t\t\t<\/div>\n\t\t\t\t<\/div>\n\t\t\t\t\t\t<\/div>\n\t\t\t\t\t<\/div>\n\t\t<\/div>\n\t\t\t\t<div class=\"elementor-column elementor-col-50 elementor-top-column elementor-element elementor-element-233b0d2\" data-id=\"233b0d2\" data-element_type=\"column\">\n\t\t\t<div class=\"elementor-column-wrap elementor-element-populated\">\n\t\t\t\t\t\t\t<div class=\"elementor-widget-wrap\">\n\t\t\t\t\t\t<div class=\"elementor-element elementor-element-fe5bc85 elementor-widget elementor-widget-iheading\" data-id=\"fe5bc85\" data-element_type=\"widget\" data-widget_type=\"iheading.default\">\n\t\t\t\t<div class=\"elementor-widget-container\">\n\t\t\t\t\t<div class=\"ot-heading left-align\">\r\n\t        \t            <h6><span>wer wir sind<\/span><\/h6>\r\n\t        \t        <h2 class=\"main-heading\">Wir ver\u00e4ndern die Art, wie Sie die Welt sehen!!<\/h2>\r\n\t        \t    <\/div>\r\n\t    \t\t<\/div>\n\t\t\t\t<\/div>\n\t\t\t\t<div class=\"elementor-element elementor-element-e6e8b3f elementor-widget elementor-widget-text-editor\" data-id=\"e6e8b3f\" data-element_type=\"widget\" data-widget_type=\"text-editor.default\">\n\t\t\t\t<div class=\"elementor-widget-container\">\n\t\t\t\t\t\t\t\t<div class=\"elementor-text-editor elementor-clearfix\">\n\t\t\t\t<p><span style=\"font-size: 12pt;\">Als webbasiertes Unternehmen verbringen wir viel Zeit damit, unsere Kunden und ihre Bed\u00fcrfnisse zu verstehen. Wir <\/span><span style=\"font-size: 12pt;\">bieten mehrere innovative L\u00f6sungen an, die einzigartig auf die Bed\u00fcrfnisse zugeschnitten sind.\u00a0<\/span>Unser Ziel ist es, einfache und dennoch leistungsstarke Web-L\u00f6sungen zu entwickeln, die unseren Kunden helfen, ihr Gesch\u00e4ft um ein Vielfaches zu steigern. Wir glauben nicht nur an eine Zusammenarbeit, sondern an eine Beziehung, die auf Vertrauen, Hingabe und Professionalit\u00e4t beruht.\u00a0Wir sind ein Team, das von einer starken Ethik und Compliance angetrieben wird, und k\u00fcmmern uns daher mit gr\u00f6\u00dfter Sorgfalt und Verantwortung um Ihre Daten und Ihre Privatsph\u00e4re.\u00a0Das Sumth-Team bietet L\u00f6sungen f\u00fcr Webdesign, Webentwicklung, SEO-Services, Website-Wartung und Unternehmensberatung.\u00a0Unsere L\u00f6sungen helfen unseren Kunden, einzigartige und kreative Websites, digitale Inhalte, starke Sicherheit, High-End-Traffic und effiziente und effektive Online-Pr\u00e4senz zu erreichen.\n\n\u00dcbersetzt mit www.DeepL.com\/Translator (kostenlose Version)<\/p><p>Rufen Sie uns an.<\/p>\t\t\t\t\t<\/div>\n\t\t\t\t\t\t<\/div>\n\t\t\t\t<\/div>\n\t\t\t\t<div class=\"elementor-element elementor-element-4349c97 elementor-widget elementor-widget-ivideopopup\" data-id=\"4349c97\" data-element_type=\"widget\" data-widget_type=\"ivideopopup.default\">\n\t\t\t\t<div class=\"elementor-widget-container\">\n\t\t\t\t\t<div class=\"video-popup\">\r\n\t\t\t<div class=\"btn-inner\">\r\n\t\t        <a class=\"btn-play\" href=\"https:\/\/sumth.de\/wp-content\/uploads\/2020\/09\/sumthvideo.mp4\">\r\n\t\t        \t<i class=\"fas fa-play\"><\/i>\r\n\t\t        \t\t\t        \t<span class=\"circle-1\"><\/span>\r\n\t\t\t\t\t<span class=\"circle-2\"><\/span>\r\n\t\t\t\t\t\t\t        <\/a>\r\n\t        <\/div>\r\n\t        <span>Video-Showcase<\/span>\t    <\/div>\r\n\t    \t\t<\/div>\n\t\t\t\t<\/div>\n\t\t\t\t\t\t<\/div>\n\t\t\t\t\t<\/div>\n\t\t<\/div>\n\t\t\t\t\t\t\t\t<\/div>\n\t\t\t\t\t<\/div>\n\t\t<\/section>\n\t\t\t\t<section class=\"elementor-section elementor-top-section elementor-element elementor-element-04ed802 elementor-section-boxed elementor-section-height-default elementor-section-height-default\" data-id=\"04ed802\" data-element_type=\"section\" data-settings=\"{&quot;background_background&quot;:&quot;classic&quot;}\">\n\t\t\t\t\t\t<div class=\"elementor-container elementor-column-gap-extended\">\n\t\t\t\t\t\t\t<div class=\"elementor-row\">\n\t\t\t\t\t<div class=\"elementor-column elementor-col-100 elementor-top-column elementor-element elementor-element-eeba7e5\" data-id=\"eeba7e5\" data-element_type=\"column\">\n\t\t\t<div class=\"elementor-column-wrap elementor-element-populated\">\n\t\t\t\t\t\t\t<div class=\"elementor-widget-wrap\">\n\t\t\t\t\t\t<section class=\"elementor-section elementor-inner-section elementor-element elementor-element-4edaf8b elementor-section-full_width elementor-section-height-default elementor-section-height-default\" data-id=\"4edaf8b\" data-element_type=\"section\">\n\t\t\t\t\t\t<div class=\"elementor-container elementor-column-gap-extended\">\n\t\t\t\t\t\t\t<div class=\"elementor-row\">\n\t\t\t\t\t<div class=\"elementor-column elementor-col-33 elementor-inner-column elementor-element elementor-element-9b1c72c\" data-id=\"9b1c72c\" data-element_type=\"column\">\n\t\t\t<div class=\"elementor-column-wrap elementor-element-populated\">\n\t\t\t\t\t\t\t<div class=\"elementor-widget-wrap\">\n\t\t\t\t\t\t<div class=\"elementor-element elementor-element-a89a1cf elementor-widget elementor-widget-iservice_box\" data-id=\"a89a1cf\" data-element_type=\"widget\" data-widget_type=\"iservice_box.default\">\n\t\t\t\t<div class=\"elementor-widget-container\">\n\t\t\t\r\n\t\t\t\t<div class=\"service-box-s2 s-box elementor-animation-\">\r\n\t\t\t\t\t\t<div class=\"number-box\">\r\n\t\t        01\t        <\/div>\r\n\t        \t        <div class=\"content-box\">\r\n\t            <h5>Radikale Integrit\u00e4t<\/h5>\r\n\t            <p>Unsere Mitarbeiter k\u00fcmmern sich wirklich um unsere Arbeit und um einander.<\/p>\r\n\t        <\/div>\r\n\t    <\/div>\r\n\t    \r\n\t    \t\t<\/div>\n\t\t\t\t<\/div>\n\t\t\t\t\t\t<\/div>\n\t\t\t\t\t<\/div>\n\t\t<\/div>\n\t\t\t\t<div class=\"elementor-column elementor-col-33 elementor-inner-column elementor-element elementor-element-eab20bb\" data-id=\"eab20bb\" data-element_type=\"column\">\n\t\t\t<div class=\"elementor-column-wrap elementor-element-populated\">\n\t\t\t\t\t\t\t<div class=\"elementor-widget-wrap\">\n\t\t\t\t\t\t<div class=\"elementor-element elementor-element-1457aea elementor-widget elementor-widget-iservice_box\" data-id=\"1457aea\" data-element_type=\"widget\" data-widget_type=\"iservice_box.default\">\n\t\t\t\t<div class=\"elementor-widget-container\">\n\t\t\t\r\n\t\t\t\t<div class=\"service-box-s2 s-box elementor-animation-\">\r\n\t\t\t\t\t\t<div class=\"number-box\">\r\n\t\t        02\t        <\/div>\r\n\t        \t        <div class=\"content-box\">\r\n\t            <h5>Menschen zuerst<\/h5>\r\n\t            <p>Wir glauben, dass eine Kultur ein florierendes Unternehmen aufbauen wird.\n<\/p>\r\n\t        <\/div>\r\n\t    <\/div>\r\n\t    \r\n\t    \t\t<\/div>\n\t\t\t\t<\/div>\n\t\t\t\t\t\t<\/div>\n\t\t\t\t\t<\/div>\n\t\t<\/div>\n\t\t\t\t<div class=\"elementor-column elementor-col-33 elementor-inner-column elementor-element elementor-element-5a56d14\" data-id=\"5a56d14\" data-element_type=\"column\">\n\t\t\t<div class=\"elementor-column-wrap elementor-element-populated\">\n\t\t\t\t\t\t\t<div class=\"elementor-widget-wrap\">\n\t\t\t\t\t\t<div class=\"elementor-element elementor-element-a2126dd elementor-widget elementor-widget-iservice_box\" data-id=\"a2126dd\" data-element_type=\"widget\" data-widget_type=\"iservice_box.default\">\n\t\t\t\t<div class=\"elementor-widget-container\">\n\t\t\t\r\n\t\t\t\t<div class=\"service-box-s2 s-box elementor-animation-\">\r\n\t\t\t\t\t\t<div class=\"number-box\">\r\n\t\t        03\t        <\/div>\r\n\t        \t        <div class=\"content-box\">\r\n\t            <h5>Prozess Perfektion<\/h5>\r\n\t            <p>Wir sind getrieben, die beste Version von uns selbst zu werden<\/p>\r\n\t        <\/div>\r\n\t    <\/div>\r\n\t    \r\n\t    \t\t<\/div>\n\t\t\t\t<\/div>\n\t\t\t\t\t\t<\/div>\n\t\t\t\t\t<\/div>\n\t\t<\/div>\n\t\t\t\t\t\t\t\t<\/div>\n\t\t\t\t\t<\/div>\n\t\t<\/section>\n\t\t\t\t<section class=\"elementor-section elementor-inner-section elementor-element elementor-element-be054cf elementor-section-content-middle elementor-section-full_width elementor-section-height-default elementor-section-height-default\" data-id=\"be054cf\" data-element_type=\"section\">\n\t\t\t\t\t\t<div class=\"elementor-container elementor-column-gap-extended\">\n\t\t\t\t\t\t\t<div class=\"elementor-row\">\n\t\t\t\t\t<div class=\"elementor-column elementor-col-50 elementor-inner-column elementor-element elementor-element-7bdcf7b\" data-id=\"7bdcf7b\" data-element_type=\"column\">\n\t\t\t<div class=\"elementor-column-wrap elementor-element-populated\">\n\t\t\t\t\t\t\t<div class=\"elementor-widget-wrap\">\n\t\t\t\t\t\t<div class=\"elementor-element elementor-element-5bea05c elementor-widget elementor-widget-iheading\" data-id=\"5bea05c\" data-element_type=\"widget\" data-widget_type=\"iheading.default\">\n\t\t\t\t<div class=\"elementor-widget-container\">\n\t\t\t\t\t<div class=\"ot-heading -align\">\r\n\t        \t            <h6><span>Warum uns w\u00e4hlen<\/span><\/h6>\r\n\t        \t        <h2 class=\"main-heading\">Arbeiten Sie mit einer Gruppe engagierter Mitarbeiter<\/h2>\r\n\t        \t    <\/div>\r\n\t    \t\t<\/div>\n\t\t\t\t<\/div>\n\t\t\t\t<div class=\"elementor-element elementor-element-f505a3a elementor-widget elementor-widget-text-editor\" data-id=\"f505a3a\" data-element_type=\"widget\" data-widget_type=\"text-editor.default\">\n\t\t\t\t<div class=\"elementor-widget-container\">\n\t\t\t\t\t\t\t\t<div class=\"elementor-text-editor elementor-clearfix\">\n\t\t\t\t<p>Von der Design-Recherche \u00fcber die technische L\u00f6sung bis hin zum Start der Website sind unsere Techniker echte Experten auf ihrem Gebiet.<\/p>\t\t\t\t\t<\/div>\n\t\t\t\t\t\t<\/div>\n\t\t\t\t<\/div>\n\t\t\t\t<div class=\"elementor-element elementor-element-7b3ec3a elementor-widget elementor-widget-iprogress\" data-id=\"7b3ec3a\" data-element_type=\"widget\" data-widget_type=\"iprogress.default\">\n\t\t\t\t<div class=\"elementor-widget-container\">\n\t\t\t\r\n\t\t\t\t<div class=\"ot-progress\">\r\n\t\t\t<div class=\"overflow\">\r\n\t        \t<span class=\"pname fleft\">Technologie<\/span>\t        \t<span class=\"ppercent fright\">95%<\/span>\t        <\/div>\r\n\t        <div class=\"iprogress\">\r\n\t\t\t\t<div class=\"progress-bar\" data-percent=\"95%\"><\/div>\r\n\t\t\t<\/div>\r\n\t    <\/div>\r\n\t\t\t\t<\/div>\n\t\t\t\t<\/div>\n\t\t\t\t<div class=\"elementor-element elementor-element-ca5fcc8 elementor-widget elementor-widget-iprogress\" data-id=\"ca5fcc8\" data-element_type=\"widget\" data-widget_type=\"iprogress.default\">\n\t\t\t\t<div class=\"elementor-widget-container\">\n\t\t\t\r\n\t\t\t\t<div class=\"ot-progress\">\r\n\t\t\t<div class=\"overflow\">\r\n\t        \t<span class=\"pname fleft\">Webl\u00f6sungen<\/span>\t        \t<span class=\"ppercent fright\">90%<\/span>\t        <\/div>\r\n\t        <div class=\"iprogress\">\r\n\t\t\t\t<div class=\"progress-bar\" data-percent=\"90%\"><\/div>\r\n\t\t\t<\/div>\r\n\t    <\/div>\r\n\t\t\t\t<\/div>\n\t\t\t\t<\/div>\n\t\t\t\t<div class=\"elementor-element elementor-element-02945f6 elementor-widget elementor-widget-iprogress\" data-id=\"02945f6\" data-element_type=\"widget\" data-widget_type=\"iprogress.default\">\n\t\t\t\t<div class=\"elementor-widget-container\">\n\t\t\t\r\n\t\t\t\t<div class=\"ot-progress\">\r\n\t\t\t<div class=\"overflow\">\r\n\t        \t<span class=\"pname fleft\">Unternehmensberatung<\/span>\t        \t<span class=\"ppercent fright\">90%<\/span>\t        <\/div>\r\n\t        <div class=\"iprogress\">\r\n\t\t\t\t<div class=\"progress-bar\" data-percent=\"90%\"><\/div>\r\n\t\t\t<\/div>\r\n\t    <\/div>\r\n\t\t\t\t<\/div>\n\t\t\t\t<\/div>\n\t\t\t\t<div class=\"elementor-element elementor-element-12c69fa elementor-widget elementor-widget-iprogress\" data-id=\"12c69fa\" data-element_type=\"widget\" data-widget_type=\"iprogress.default\">\n\t\t\t\t<div class=\"elementor-widget-container\">\n\t\t\t\r\n\t\t\t\t<div class=\"ot-progress\">\r\n\t\t\t<div class=\"overflow\">\r\n\t        \t<span class=\"pname fleft\">Vertrieb<\/span>\t        \t<span class=\"ppercent fright\">75%<\/span>\t        <\/div>\r\n\t        <div class=\"iprogress\">\r\n\t\t\t\t<div class=\"progress-bar\" data-percent=\"75%\"><\/div>\r\n\t\t\t<\/div>\r\n\t    <\/div>\r\n\t\t\t\t<\/div>\n\t\t\t\t<\/div>\n\t\t\t\t\t\t<\/div>\n\t\t\t\t\t<\/div>\n\t\t<\/div>\n\t\t\t\t<div class=\"elementor-column elementor-col-50 elementor-inner-column elementor-element elementor-element-125f3db\" data-id=\"125f3db\" data-element_type=\"column\">\n\t\t\t<div class=\"elementor-column-wrap elementor-element-populated\">\n\t\t\t\t\t\t\t<div class=\"elementor-widget-wrap\">\n\t\t\t\t\t\t<div class=\"elementor-element elementor-element-92bfa30 elementor-widget elementor-widget-image\" data-id=\"92bfa30\" data-element_type=\"widget\" data-widget_type=\"image.default\">\n\t\t\t\t<div class=\"elementor-widget-container\">\n\t\t\t\t\t\t\t\t<div class=\"elementor-image\">\n\t\t\t\t\t\t\t\t\t\t\t\t<img width=\"660\" height=\"617\" src=\"https:\/\/sumth.de\/wp-content\/uploads\/2019\/11\/about-image2-1.png\" class=\"attachment-full size-full\" alt=\"\" loading=\"lazy\" srcset=\"https:\/\/sumth.de\/wp-content\/uploads\/2019\/11\/about-image2-1.png 660w, https:\/\/sumth.de\/wp-content\/uploads\/2019\/11\/about-image2-1-300x280.png 300w\" sizes=\"(max-width: 660px) 100vw, 660px\" \/>\t\t\t\t\t\t\t\t\t\t\t\t\t\t<\/div>\n\t\t\t\t\t\t<\/div>\n\t\t\t\t<\/div>\n\t\t\t\t\t\t<\/div>\n\t\t\t\t\t<\/div>\n\t\t<\/div>\n\t\t\t\t\t\t\t\t<\/div>\n\t\t\t\t\t<\/div>\n\t\t<\/section>\n\t\t\t\t\t\t<\/div>\n\t\t\t\t\t<\/div>\n\t\t<\/div>\n\t\t\t\t\t\t\t\t<\/div>\n\t\t\t\t\t<\/div>\n\t\t<\/section>\n\t\t\t\t\t\t\t\t\t<\/div>\n\t\t\t<\/div>\n\t\t\t\t\t<\/div>","protected":false},"excerpt":{"rendered":"<p>who we are We change the way you see the world!! As a web-based company, we spend lot of time in understanding our customers and their needs. We provide multiple innovative solutions uniquely tailored to match the needs.\u00a0Our aim is to develop simple yet powerful web solutions which helps clients grow their businesses multifold. We [&hellip;]<\/p>","protected":false},"author":2,"featured_media":0,"parent":0,"menu_order":9,"comment_status":"closed","ping_status":"closed","template":"","meta":[],"_links":{"self":[{"href":"https:\/\/sumth.de\/de\/wp-json\/wp\/v2\/pages\/753"}],"collection":[{"href":"https:\/\/sumth.de\/de\/wp-json\/wp\/v2\/pages"}],"about":[{"href":"https:\/\/sumth.de\/de\/wp-json\/wp\/v2\/types\/page"}],"author":[{"embeddable":true,"href":"https:\/\/sumth.de\/de\/wp-json\/wp\/v2\/users\/2"}],"replies":[{"embeddable":true,"href":"https:\/\/sumth.de\/de\/wp-json\/wp\/v2\/comments?post=753"}],"version-history":[{"count":132,"href":"https:\/\/sumth.de\/de\/wp-json\/wp\/v2\/pages\/753\/revisions"}],"predecessor-version":[{"id":3573,"href":"https:\/\/sumth.de\/de\/wp-json\/wp\/v2\/pages\/753\/revisions\/3573"}],"wp:attachment":[{"href":"https:\/\/sumth.de\/de\/wp-json\/wp\/v2\/media?parent=753"}],"curies":[{"name":"wp","href":"https:\/\/api.w.org\/{rel}","templated":true}]}}